{"id":8,"date":"2022-03-11T18:11:54","date_gmt":"2022-03-11T18:11:54","guid":{"rendered":"https:\/\/www.shomes.cz\/?page_id=8"},"modified":"2022-05-03T15:02:50","modified_gmt":"2022-05-03T15:02:50","slug":"domu","status":"publish","type":"page","link":"https:\/\/www.shomes.cz\/","title":{"rendered":"Smart Solar Homes"},"content":{"rendered":"\n<p>Chcete m\u00edt energeticky \u00fasporn\u00fd a p\u0159itom chytr\u00fd d\u016fm? Cht\u011bli byste \u0161et\u0159it \u00fa\u010dty za energie, ale neomezovat komfort sv\u00e9 rodiny? Chcete z\u00edskat dotaci na sol\u00e1rn\u00ed syst\u00e9m z\u00edsk\u00e1v\u00e1n\u00ed elektrick\u00e9 energie, tepeln\u00e9ho \u010derpadla nebo dob\u00edje\u010dky na elektromobil? A cht\u011bli byste si takovou dom\u00e1cnost nechat za\u0159\u00eddit na kl\u00ed\u010d &#8211; o nic se nestarat, abyste si sv\u00e9ho domu mohli jen u\u017e\u00edvat?<\/p>\n\n\n\n<p>Tak to jste pr\u00e1v\u011b na\u0161li dodavatele za\u0159\u00edzen\u00ed Va\u0161eho chytr\u00e9ho domu. <\/p>\n\n\n\n<p>Navrhneme a zrealizujeme ve Va\u0161em dom\u011b modern\u00ed technologie od st\u0159echy a\u017e po sklep, kter\u00e9 V\u00e1m uleh\u010d\u00ed a zp\u0159\u00edjemn\u00ed \u017eivot a u\u0161et\u0159\u00ed tak\u00e9 Va\u0161\u00ed pen\u011b\u017eence. <\/p>\n\n\n\n<p>Sta\u010d\u00ed n\u00e1s kontaktovat pro bezplatnou konzultaci a n\u00e1vrh \u0159e\u0161en\u00ed u\u0161it\u00fd p\u0159\u00edmo na m\u00edru Va\u0161\u00ed rodin\u011b i obydl\u00ed.<\/p>\n\n\n\n<figure class=\"wp-block-image size-large\"><img loading=\"lazy\" decoding=\"async\" width=\"1024\" height=\"576\" src=\"http:\/\/www.shomes.cz\/wp-content\/uploads\/2022\/05\/happy_home-1024x576.jpg\" alt=\"Smart Solar Homes\" class=\"wp-image-80\" srcset=\"https:\/\/www.shomes.cz\/wp-content\/uploads\/2022\/05\/happy_home-1024x576.jpg 1024w, https:\/\/www.shomes.cz\/wp-content\/uploads\/2022\/05\/happy_home-300x169.jpg 300w, https:\/\/www.shomes.cz\/wp-content\/uploads\/2022\/05\/happy_home-768x432.jpg 768w, https:\/\/www.shomes.cz\/wp-content\/uploads\/2022\/05\/happy_home-1536x864.jpg 1536w, https:\/\/www.shomes.cz\/wp-content\/uploads\/2022\/05\/happy_home.jpg 1920w\" sizes=\"auto, (max-width: 767px) 89vw, (max-width: 1000px) 54vw, (max-width: 1071px) 543px, 580px\" \/><\/figure>\n","protected":false},"excerpt":{"rendered":"<p>Chcete m\u00edt energeticky \u00fasporn\u00fd a p\u0159itom chytr\u00fd d\u016fm? Cht\u011bli byste \u0161et\u0159it \u00fa\u010dty za energie, ale neomezovat komfort sv\u00e9 rodiny? Chcete z\u00edskat dotaci na sol\u00e1rn\u00ed syst\u00e9m z\u00edsk\u00e1v\u00e1n\u00ed elektrick\u00e9 energie, tepeln\u00e9ho \u010derpadla nebo dob\u00edje\u010dky na elektromobil? A cht\u011bli byste si takovou dom\u00e1cnost nechat za\u0159\u00eddit na kl\u00ed\u010d &#8211; o nic se nestarat, abyste si sv\u00e9ho domu mohli jen &hellip; <\/p>\n<p class=\"link-more\"><a href=\"https:\/\/www.shomes.cz\/\" class=\"more-link\">Pokra\u010dovat ve \u010dten\u00ed<span class=\"screen-reader-text\"> &#8222;Smart Solar Homes&#8220;<\/span><\/a><\/p>\n","protected":false},"author":1,"featured_media":0,"parent":0,"menu_order":0,"comment_status":"closed","ping_status":"closed","template":"","meta":{"footnotes":""},"class_list":["post-8","page","type-page","status-publish","hentry"],"_links":{"self":[{"href":"https:\/\/www.shomes.cz\/index.php?rest_route=\/wp\/v2\/pages\/8","targetHints":{"allow":["GET"]}}],"collection":[{"href":"https:\/\/www.shomes.cz\/index.php?rest_route=\/wp\/v2\/pages"}],"about":[{"href":"https:\/\/www.shomes.cz\/index.php?rest_route=\/wp\/v2\/types\/page"}],"author":[{"embeddable":true,"href":"https:\/\/www.shomes.cz\/index.php?rest_route=\/wp\/v2\/users\/1"}],"replies":[{"embeddable":true,"href":"https:\/\/www.shomes.cz\/index.php?rest_route=%2Fwp%2Fv2%2Fcomments&post=8"}],"version-history":[{"count":6,"href":"https:\/\/www.shomes.cz\/index.php?rest_route=\/wp\/v2\/pages\/8\/revisions"}],"predecessor-version":[{"id":104,"href":"https:\/\/www.shomes.cz\/index.php?rest_route=\/wp\/v2\/pages\/8\/revisions\/104"}],"wp:attachment":[{"href":"https:\/\/www.shomes.cz\/index.php?rest_route=%2Fwp%2Fv2%2Fmedia&parent=8"}],"curies":[{"name":"wp","href":"https:\/\/api.w.org\/{rel}","templated":true}]}}